{"id":1406,"date":"2024-10-23T09:17:36","date_gmt":"2024-10-23T09:17:36","guid":{"rendered":"http:\/\/bonvent.eu\/?page_id=1406"},"modified":"2024-10-23T09:19:31","modified_gmt":"2024-10-23T09:19:31","slug":"privacy-verklaring","status":"publish","type":"page","link":"https:\/\/bonvent.eu\/de\/privacy-verklaring\/","title":{"rendered":"Datenschutzerkl\u00e4rung"},"content":{"rendered":"<div data-elementor-type=\"wp-page\" data-elementor-id=\"1406\" class=\"elementor elementor-1406\" data-elementor-post-type=\"page\">\n\t\t\t\t<div class=\"elementor-element elementor-element-186c110 e-flex e-con-boxed e-con e-parent\" data-id=\"186c110\" data-element_type=\"container\" data-e-type=\"container\" data-settings=\"{&quot;background_background&quot;:&quot;classic&quot;}\">\n\t\t\t\t\t<div class=\"e-con-inner\">\n\t\t\t\t<div class=\"elementor-element elementor-element-43a6c8f elementor-widget elementor-widget-heading\" data-id=\"43a6c8f\" data-element_type=\"widget\" data-e-type=\"widget\" data-widget_type=\"heading.default\">\n\t\t\t\t<div class=\"elementor-widget-container\">\n\t\t\t\t\t<h2 class=\"elementor-heading-title elementor-size-default\">Datenschutzerkl\u00e4rung<\/h2>\t\t\t\t<\/div>\n\t\t\t\t<\/div>\n\t\t\t\t\t<\/div>\n\t\t\t\t<\/div>\n\t\t<div class=\"elementor-element elementor-element-9033f0b e-flex e-con-boxed e-con e-parent\" data-id=\"9033f0b\" data-element_type=\"container\" data-e-type=\"container\">\n\t\t\t\t\t<div class=\"e-con-inner\">\n\t\t\t\t<div class=\"elementor-element elementor-element-09ee827 elementor-widget elementor-widget-text-editor\" data-id=\"09ee827\" data-element_type=\"widget\" data-e-type=\"widget\" data-widget_type=\"text-editor.default\">\n\t\t\t\t<div class=\"elementor-widget-container\">\n\t\t\t\t\t\t\t\t\t<h2>Einleitung<\/h2><p>BonVent Europe B.V. verarbeitet personenbezogene Daten ihrer Kunden, potenziellen Kunden und anderer Kontaktpersonen. Dies tun wir, um eine eventuelle Vereinbarung ausf\u00fchren zu k\u00f6nnen. In dieser Datenschutzerkl\u00e4rung erl\u00e4utern wir, warum und auf welche Weise wir Ihre personenbezogenen Daten verarbeiten.<\/p><p>Wir haben keinen Datenschutzbeauftragten im Dienst, aber wir stehen Ihnen gerne f\u00fcr Fragen zu unserer Datenschutzrichtlinie zur Verf\u00fcgung: hovestadt@bonvent.nl.<\/p><h2>Welche personenbezogenen Daten verarbeitet BonVent Europe B.V.?<\/h2><p>Im Folgenden finden Sie eine \u00dcbersicht \u00fcber die personenbezogenen Daten, die wir m\u00f6glicherweise verarbeiten, abh\u00e4ngig von den Produkten oder Dienstleistungen, die Sie in Anspruch nehmen oder nutzen:<\/p><ul><li>Vor- und Nachname<\/li><li>Adresse<\/li><li>Wohnort<\/li><li>Telefonnummer<\/li><li>E-Mail-Adresse<\/li><li>Firmenname<\/li><li>Firmenadresse<\/li><li>Standortdaten<\/li><li>USt-IdNr.<\/li><li>Kontaktverlauf<\/li><\/ul><p>Andere personenbezogene Daten, die Sie uns aktiv zur Verf\u00fcgung stellen, beispielsweise durch eine Anmeldung auf unserer Website, in der Korrespondenz und telefonisch.<\/p><ul><li>Gesetzliche Verpflichtungen<\/li><\/ul><p>Ein kleiner Teil unserer Verarbeitungen ist gesetzlich vorgeschrieben. Dabei handelt es sich haupts\u00e4chlich um personenbezogene Daten, die zur Erf\u00fcllung unserer steuerlichen Pflichten erforderlich sind.<\/p><ul><li>Newsletter und Mailings<\/li><\/ul><p>Gelegentlich senden wir Newsletter und\/oder Mailings. Diese sind manchmal personalisiert, basierend auf bestimmten Aktionen, die Sie unternommen haben, oder Produkten und\/oder Dienstleistungen, die Sie bei uns beziehen. Sie haben jederzeit die M\u00f6glichkeit, Ihre Pr\u00e4ferenzen f\u00fcr den Erhalt von Newslettern und Mailings anzupassen.<\/p><h2>Automatisierte Entscheidungsfindung<\/h2><p>BonVent Europe B.V. trifft keine Entscheidungen auf Basis automatisierter Verarbeitungen (Algorithmen), die nachteilige Auswirkungen auf Sie haben k\u00f6nnten.<\/p><h2>Rechte der betroffenen Personen<\/h2><p>Unter der DSGVO hat jeder eine Reihe von Rechten. Wir tun unser Bestes, diesen bestm\u00f6glich nachzukommen. Haben Sie Tipps oder Anmerkungen? Lassen Sie es uns wissen! Um Ihre Rechte in Anspruch zu nehmen, k\u00f6nnen Sie uns unter hovestadt@bonvent.nl kontaktieren.<\/p><ul><li><strong>Information und Auskunft:\u00a0<\/strong>Information und Auskunft: Sie k\u00f6nnen nat\u00fcrlich einsehen, welche personenbezogenen Daten wir von Ihnen verarbeiten. Wir informieren Sie auch gerne dar\u00fcber, wie und warum wir diese Daten verarbeiten.<\/li><li><strong>Berichtigung:\u00a0<\/strong>Haben Sie den Eindruck, dass wir falsche Daten \u00fcber Sie haben? Lassen Sie es uns wissen, und wir werden sie korrigieren.<\/li><li><strong>L\u00f6schung:\u00a0<\/strong>Sie k\u00f6nnen die personenbezogenen Daten, die wir von Ihnen haben, l\u00f6schen lassen. M\u00f6glicherweise m\u00fcssen wir diese Daten jedoch noch f\u00fcr andere Zwecke (z.B. f\u00fcr die Verwaltung oder Duplikatsvermeidung) verarbeiten.<\/li><li><strong>Einschr\u00e4nkung:\u00a0<\/strong>heeft u het idee dat wij uw persoonsgegevens onrechtmatig of onjuist verwerken, dan kunt u die verwerking ook laten beperken.<\/li><li><strong>Widerspruch:\u00a0<\/strong>Sie k\u00f6nnen der Verarbeitung Ihrer personenbezogenen Daten widersprechen. Handelt es sich um Marketing? Dann werden wir diese Verarbeitung so schnell wie m\u00f6glich einstellen.<\/li><li><strong>\u00dcbertragbarkeit:\u00a0<\/strong>Dies ist ein neues Recht unter der DSGVO, das Ihnen erlaubt, Ihre personenbezogenen Daten zu \u00fcbertragen. Wenn Sie dies nutzen m\u00f6chten, kontaktieren Sie uns bitte.<\/li><\/ul><p>Dar\u00fcber hinaus k\u00f6nnen Sie auch:<\/p><ul><li><strong>Einwilligung widerrufen:\u00a0<\/strong>Zum Beispiel f\u00fcr den Empfang von Mailings. Wenn Sie eine andere Einwilligung widerrufen m\u00f6chten, kontaktieren Sie uns bitte unter hovestadt@bonvent.nl.<\/li><li><strong>Beschwerde bei der Datenschutzbeh\u00f6rde einreichen:\u00a0<\/strong>Glauben Sie, dass wir nicht im Einklang mit den Datenschutzgesetzen handeln? Dann h\u00f6ren wir das nat\u00fcrlich gerne. Sie k\u00f6nnen diesbez\u00fcglich auch eine Beschwerde bei der Datenschutzbeh\u00f6rde einreichen.<\/li><\/ul><h2>Wie lange bewahren wir Ihre personenbezogenen Daten auf?<\/h2><p>Personenbezogene Daten d\u00fcrfen nicht l\u00e4nger aufbewahrt werden, als es notwendig ist. Die Aufbewahrungsfrist h\u00e4ngt vom Zweck ab, f\u00fcr den wir die Daten erhalten oder gesammelt haben, sowie von eventuellen gesetzlichen Pflichten zur Aufbewahrung von Daten.<\/p><p>Wenn Sie ein Angebot bei uns angefordert haben, aber kein Kunde geworden sind, l\u00f6schen wir Ihre Daten sp\u00e4testens zwei Jahre nach unserem letzten Kontakt. Auch wenn wir ein Angebot von Ihnen erhalten haben, aber kein Kunde geworden sind, werden Ihre personenbezogenen Daten sp\u00e4testens zwei Jahre nach unserem letzten Kontakt gel\u00f6scht. Sollten Sie jedoch unser Kunde geworden sein oder wir Ihr Kunde, werden wir Ihre personenbezogenen Daten f\u00fcr die Dauer von sieben Jahren nach dem Ende des Gesch\u00e4ftsjahres, in dem die Vereinbarung mit Ihnen vollst\u00e4ndig abgeschlossen wurde, aufbewahren. Die Sieben-Jahres-Frist entspricht der Frist, innerhalb derer wir verpflichtet sind, unsere Verwaltung f\u00fcr die Steuerbeh\u00f6rden aufzubewahren. Nach Ablauf dieser Frist werden wir Ihre personenbezogenen Daten l\u00f6schen.<\/p><h2>Rechtsgrundlagen der Verarbeitung<\/h2><p>Wie oben erl\u00e4utert, verarbeiten wir einige Daten zur Erf\u00fcllung einer gesetzlichen Verpflichtung, einige zur Ausf\u00fchrung einer Vereinbarung und die meisten im berechtigten Interesse von BonVent Europe B.V.: zur Erf\u00fcllung unserer Zielsetzung. M\u00f6chten Sie mehr \u00fcber die Abw\u00e4gung erfahren, die wir im Rahmen des berechtigten Interesses treffen, kontaktieren Sie uns bitte.<\/p><p>\u00dcbermittlung an Dritte<\/p><p>Im Zusammenhang mit der Erf\u00fcllung einer m\u00f6glichen Vereinbarung mit Ihnen ist es m\u00f6glich, dass wir Ihre personenbezogenen Daten an Parteien weitergeben m\u00fcssen, die Produkte und\/oder Dienstleistungen an uns liefern oder in unserem Auftrag T\u00e4tigkeiten ausf\u00fchren. Dar\u00fcber hinaus nutzen wir externen Serverraum zur Speicherung von (Teilen unserer) Verkaufs- und Einkaufsverwaltung, in die Ihre personenbezogenen Daten einbezogen sind. Aus diesem Grund werden Ihre personenbezogenen Daten an unseren Serverraum-Provider weitergegeben.<\/p><h2>Wie BonVent Europe B.V. Ihre personenbezogenen Daten sch\u00fctzt<\/h2><p>Wir nehmen den Schutz Ihrer Daten ernst und treffen geeignete Ma\u00dfnahmen, um Missbrauch, Verlust, unbefugten Zugriff, unerw\u00fcnschte Offenlegung und unbefugte \u00c4nderung zu verhindern. Sollten Sie den Eindruck haben, dass Ihre Daten nicht richtig gesch\u00fctzt sind oder es Hinweise auf Missbrauch gibt, kontaktieren Sie uns bitte unter hovestadt@bonvent.nl.<\/p><p>Die folgenden Ma\u00dfnahmen wurden getroffen, um Ihre personenbezogenen Daten zu sch\u00fctzen:<\/p><ul><li>Die Server und Ger\u00e4te unserer Mitarbeiter sind mit aktueller Sicherheitssoftware ausgestattet, wie z.B. einem Virenscanner und einer Firewall.<\/li><li>Wir senden Ihre Daten nur \u00fcber sichere Internetverbindungen (SSL). Dies erkennen Sie an der Adressleiste \u2018https\u2019 und dem Schlosssymbol.<\/li><li>Der Zugriff auf personenbezogene Daten von mobilen Ger\u00e4ten ist eingeschr\u00e4nkt und wird aktiv \u00fcberwacht.<\/li><\/ul><p>DKIM sind Internetstandards, die wir verwenden, um zu verhindern, dass Sie E-Mails in unserem Namen erhalten, die Viren enthalten, Spam sind oder dazu bestimmt sind, pers\u00f6nliche (Anmelde-)Daten zu erhalten.<\/p><h2>Cookieverklaring<\/h2><p>BonVent Europe B.V. verwendet Cookies. Dies tun wir, um \u00fcber die Wartung der Website informiert zu bleiben und den Website-Verkehr mit Hilfe von Google Analytics zu analysieren.<\/p><p>Lesen Sie hier mehr dar\u00fcber in unserer Cookie-Richtlinie.<\/p><h2>Cookie-Erkl\u00e4rung<\/h2><p><strong>Arten von Cookies, die auf der Website von BonVent Europe B.V. verwendet werden:<\/strong><\/p><ol><li><strong>Funktionale Cookies<\/strong><\/li><\/ol><p>Cookies, die notwendig sind, damit die Website ordnungsgem\u00e4\u00df funktioniert oder Ihnen die Nutzung der Website erleichtern. Denken Sie zum Beispiel daran, dass Ihre Anmeldedaten gespeichert werden, damit Sie sich nicht jedes Mal anmelden m\u00fcssen. Auch das Schlie\u00dfen der Cookie-Meldung f\u00e4llt unter funktionale Cookies.<\/p><p><strong>Analytische Cookies<\/strong><\/p><p>Dies sind Cookies, die gesetzt werden, um das Verhalten der Besucher auf dieser Website zu messen und analysieren zu k\u00f6nnen. Wir verwenden diese Informationen, um die Website so optimal wie m\u00f6glich zu gestalten. Bei dieser Funktion werden keine personenbezogenen oder datenschutzrelevanten Daten gespeichert.<\/p>\t\t\t\t\t\t\t\t<\/div>\n\t\t\t\t<\/div>\n\t\t\t\t\t<\/div>\n\t\t\t\t<\/div>\n\t\t\t\t<\/div>","protected":false},"excerpt":{"rendered":"<p>Privacy verklaring Inleiding BonVent Europe B.V. verwerkt persoonsgegevens van haar klanten, potenti\u00eble klanten en andere contactpersonen. Wij doen dit om een eventuele overeenkomst uit te kunnen voeren. In deze privacyverklaring leggen we uit waarom en op welke manier we uw persoonsgegevens verwerken. Wij hebben geen Functionaris Gegevensbescherming in dienst, maar we staan u graag te [&hellip;]<\/p>\n","protected":false},"author":1,"featured_media":0,"parent":0,"menu_order":0,"comment_status":"closed","ping_status":"closed","template":"","meta":{"iawp_total_views":37,"footnotes":""},"class_list":["post-1406","page","type-page","status-publish","hentry"],"yoast_head":"<!-- This site is optimized with the Yoast SEO Premium plugin v23.6 (Yoast SEO v27.3) - https:\/\/yoast.com\/product\/yoast-seo-premium-wordpress\/ -->\n<title>Privacy verklaring - Bonvent Europe<\/title>\n<meta name=\"robots\" content=\"index, follow, max-snippet:-1, max-image-preview:large, max-video-preview:-1\" \/>\n<link rel=\"canonical\" href=\"https:\/\/bonvent.eu\/de\/privacy-verklaring\/\" \/>\n<meta property=\"og:locale\" content=\"de_DE\" \/>\n<meta property=\"og:type\" content=\"article\" \/>\n<meta property=\"og:title\" content=\"Privacy verklaring\" \/>\n<meta property=\"og:description\" content=\"Privacy verklaring Inleiding BonVent Europe B.V. verwerkt persoonsgegevens van haar klanten, potenti\u00eble klanten en andere contactpersonen. Wij doen dit om een eventuele overeenkomst uit te kunnen voeren. In deze privacyverklaring leggen we uit waarom en op welke manier we uw persoonsgegevens verwerken. Wij hebben geen Functionaris Gegevensbescherming in dienst, maar we staan u graag te [&hellip;]\" \/>\n<meta property=\"og:url\" content=\"https:\/\/bonvent.eu\/de\/privacy-verklaring\/\" \/>\n<meta property=\"og:site_name\" content=\"Bonvent Europe\" \/>\n<meta property=\"article:modified_time\" content=\"2024-10-23T09:19:31+00:00\" \/>\n<meta name=\"twitter:card\" content=\"summary_large_image\" \/>\n<meta name=\"twitter:label1\" content=\"Gesch\u00e4tzte Lesezeit\" \/>\n\t<meta name=\"twitter:data1\" content=\"5\u00a0Minuten\" \/>\n<script type=\"application\/ld+json\" class=\"yoast-schema-graph\">{\"@context\":\"https:\\\/\\\/schema.org\",\"@graph\":[{\"@type\":\"WebPage\",\"@id\":\"https:\\\/\\\/bonvent.eu\\\/privacy-verklaring\\\/\",\"url\":\"https:\\\/\\\/bonvent.eu\\\/privacy-verklaring\\\/\",\"name\":\"Privacy verklaring - Bonvent Europe\",\"isPartOf\":{\"@id\":\"https:\\\/\\\/bonvent.eu\\\/#website\"},\"datePublished\":\"2024-10-23T09:17:36+00:00\",\"dateModified\":\"2024-10-23T09:19:31+00:00\",\"breadcrumb\":{\"@id\":\"https:\\\/\\\/bonvent.eu\\\/privacy-verklaring\\\/#breadcrumb\"},\"inLanguage\":\"de\",\"potentialAction\":[{\"@type\":\"ReadAction\",\"target\":[\"https:\\\/\\\/bonvent.eu\\\/privacy-verklaring\\\/\"]}]},{\"@type\":\"BreadcrumbList\",\"@id\":\"https:\\\/\\\/bonvent.eu\\\/privacy-verklaring\\\/#breadcrumb\",\"itemListElement\":[{\"@type\":\"ListItem\",\"position\":1,\"name\":\"Home\",\"item\":\"https:\\\/\\\/bonvent.eu\\\/\"},{\"@type\":\"ListItem\",\"position\":2,\"name\":\"Privacy verklaring\"}]},{\"@type\":\"WebSite\",\"@id\":\"https:\\\/\\\/bonvent.eu\\\/#website\",\"url\":\"https:\\\/\\\/bonvent.eu\\\/\",\"name\":\"Bonvent Europe\",\"description\":\"\",\"potentialAction\":[{\"@type\":\"SearchAction\",\"target\":{\"@type\":\"EntryPoint\",\"urlTemplate\":\"https:\\\/\\\/bonvent.eu\\\/?s={search_term_string}\"},\"query-input\":{\"@type\":\"PropertyValueSpecification\",\"valueRequired\":true,\"valueName\":\"search_term_string\"}}],\"inLanguage\":\"de\"}]}<\/script>\n<!-- \/ Yoast SEO Premium plugin. -->","yoast_head_json":{"title":"Privacy verklaring - Bonvent Europe","robots":{"index":"index","follow":"follow","max-snippet":"max-snippet:-1","max-image-preview":"max-image-preview:large","max-video-preview":"max-video-preview:-1"},"canonical":"https:\/\/bonvent.eu\/de\/privacy-verklaring\/","og_locale":"de_DE","og_type":"article","og_title":"Privacy verklaring","og_description":"Privacy verklaring Inleiding BonVent Europe B.V. verwerkt persoonsgegevens van haar klanten, potenti\u00eble klanten en andere contactpersonen. Wij doen dit om een eventuele overeenkomst uit te kunnen voeren. In deze privacyverklaring leggen we uit waarom en op welke manier we uw persoonsgegevens verwerken. Wij hebben geen Functionaris Gegevensbescherming in dienst, maar we staan u graag te [&hellip;]","og_url":"https:\/\/bonvent.eu\/de\/privacy-verklaring\/","og_site_name":"Bonvent Europe","article_modified_time":"2024-10-23T09:19:31+00:00","twitter_card":"summary_large_image","twitter_misc":{"Gesch\u00e4tzte Lesezeit":"5\u00a0Minuten"},"schema":{"@context":"https:\/\/schema.org","@graph":[{"@type":"WebPage","@id":"https:\/\/bonvent.eu\/privacy-verklaring\/","url":"https:\/\/bonvent.eu\/privacy-verklaring\/","name":"Privacy verklaring - Bonvent Europe","isPartOf":{"@id":"https:\/\/bonvent.eu\/#website"},"datePublished":"2024-10-23T09:17:36+00:00","dateModified":"2024-10-23T09:19:31+00:00","breadcrumb":{"@id":"https:\/\/bonvent.eu\/privacy-verklaring\/#breadcrumb"},"inLanguage":"de","potentialAction":[{"@type":"ReadAction","target":["https:\/\/bonvent.eu\/privacy-verklaring\/"]}]},{"@type":"BreadcrumbList","@id":"https:\/\/bonvent.eu\/privacy-verklaring\/#breadcrumb","itemListElement":[{"@type":"ListItem","position":1,"name":"Home","item":"https:\/\/bonvent.eu\/"},{"@type":"ListItem","position":2,"name":"Privacy verklaring"}]},{"@type":"WebSite","@id":"https:\/\/bonvent.eu\/#website","url":"https:\/\/bonvent.eu\/","name":"Bonvent Europe","description":"","potentialAction":[{"@type":"SearchAction","target":{"@type":"EntryPoint","urlTemplate":"https:\/\/bonvent.eu\/?s={search_term_string}"},"query-input":{"@type":"PropertyValueSpecification","valueRequired":true,"valueName":"search_term_string"}}],"inLanguage":"de"}]}},"_links":{"self":[{"href":"https:\/\/bonvent.eu\/de\/wp-json\/wp\/v2\/pages\/1406","targetHints":{"allow":["GET"]}}],"collection":[{"href":"https:\/\/bonvent.eu\/de\/wp-json\/wp\/v2\/pages"}],"about":[{"href":"https:\/\/bonvent.eu\/de\/wp-json\/wp\/v2\/types\/page"}],"author":[{"embeddable":true,"href":"https:\/\/bonvent.eu\/de\/wp-json\/wp\/v2\/users\/1"}],"replies":[{"embeddable":true,"href":"https:\/\/bonvent.eu\/de\/wp-json\/wp\/v2\/comments?post=1406"}],"version-history":[{"count":0,"href":"https:\/\/bonvent.eu\/de\/wp-json\/wp\/v2\/pages\/1406\/revisions"}],"wp:attachment":[{"href":"https:\/\/bonvent.eu\/de\/wp-json\/wp\/v2\/media?parent=1406"}],"curies":[{"name":"wp","href":"https:\/\/api.w.org\/{rel}","templated":true}]}}